{"id":261,"date":"2024-01-31T17:07:13","date_gmt":"2024-01-31T16:07:13","guid":{"rendered":"https:\/\/intimitescriminelles.noblogs.org\/?page_id=261"},"modified":"2024-04-16T03:18:26","modified_gmt":"2024-04-16T01:18:26","slug":"cagnottes","status":"publish","type":"page","link":"https:\/\/intimitescriminelles.noblogs.org\/?page_id=261","title":{"rendered":"cagnottes"},"content":{"rendered":"<p><em>Derni\u00e8re mise \u00e0 jour : 14 avril 2024<\/em><\/p>\n<p>Version papier \u00e0 imprimer : <a href=\"https:\/\/intimitescriminelles.noblogs.org\/files\/2024\/02\/cagnottes-t.pdf\">cagnottes-t<\/a> <a href=\"https:\/\/intimitescriminelles.noblogs.org\/files\/2024\/02\/cagnottes-t-4x.pdf\">cagnottes-t-4x<\/a><\/p>\n<h3>Collectifs Trans<\/h3>\n<ul>\n<li style=\"list-style-type: none\">\n<ul>\n<li>L\u2019aide mutuelle du Front de Lib\u00e9ration Transfem \u2013 FLIRT [<a href=\"https:\/\/bit.ly\/front-transfem\">gofundme<\/a>]<\/li>\n<li>Cagnotte du CISN&rsquo;T : Club Ind\u00e9pendant de Sport en Non Mixit\u00e9 Transfem [<a href=\"https:\/\/www.gofundme.com\/f\/club-indpendant-de-sport-en-non-mixit-transfem?utm_campaign=p_cp+share-sheet&amp;utm_medium=copy_link_all&amp;utm_source=customer\">gofundme<\/a>]<\/li>\n<li>Fond d\u2019Action Sociale Trans (FAST) par ACCEPTESS-T [<a href=\"https:\/\/bit.ly\/JedonneauFAST\">helloasso<\/a>]<\/li>\n<li>Fond d\u2019urgence de Queer Racis\u00e9\u2219e\u2219s Autonomes (QRA) [<a href=\"https:\/\/linktr.ee\/collectif_QRA\">paypal<\/a>]<\/li>\n<li>Cagnotte solidaire du Front Transmasc [<a href=\"https:\/\/www.papayoux.com\/fr\/cagnotte\/frontransmasc\">papayoux<\/a>]<\/li>\n<li>Lev\u00e9e de fond du FAST : Front d&rsquo;Action et de soutien Trans [<a href=\"https:\/\/stuut.info\/Lancement-du-FAST-levee-de-fond-3018\">virement<\/a>]<\/li>\n<li>Campagnes de Trans Asylum Seeker Support Network [<a href=\"https:\/\/givebutter.com\/TASSN\">givebutter<\/a>]<\/li>\n<li>Fond du Tranzmission Prison Project [<a href=\"https:\/\/linktr.ee\/TranzmissionPrisonProject\">paypal<\/a>]<\/li>\n<li>Fond du Trans Defense Fund LA [<a href=\"https:\/\/transdefensefundla.org\/pages\/donate\">venmo\/cashapp<\/a>]<\/li>\n<\/ul>\n<\/li>\n<\/ul>\n<h3>Cagnottes Individuelles<\/h3>\n<ul>\n<li>Patreon de N.Z. Su\u00e9kama [<a href=\"https:\/\/www.patreon.com\/qittycorner\">patreon<\/a> \/ <a href=\"https:\/\/paypal.me\/prof0und\">paypal<\/a>]<\/li>\n<li>Aide financi\u00e8re pour que Nsayi puisse fuir le g\u00e9nocide au Congo [<a href=\"https:\/\/gogetfunding.com\/nsayis-emigration-fund\/\">gogetfunding<\/a>]<\/li>\n<li>Aide pour une femme trans nig\u00e9rienne qui a du d\u00e9m\u00e9nager d&rsquo;urgence pour cause de transphobie [<a href=\"https:\/\/www.gofundme.com\/f\/one-gworls-survival-transition-fund\">gofundme<\/a>]<\/li>\n<li>Aide financi\u00e8re pour Abebe [<a href=\"https:\/\/givebutter.com\/ABEBEfund\">givebutter<\/a>]<\/li>\n<li>Aide pour se loger de Gwendolyn-Khadijah Parris [<a href=\"https:\/\/www.gofundme.com\/f\/support-a-black-trans-womans-housing-security\">gofundme\/cashapp\/venmo<\/a>]<\/li>\n<li>Soutien \u00e0 une femme trans incarc\u00e9r\u00e9e [<a href=\"https:\/\/www.gofundme.com\/f\/soutien-a-une-femme-trans-incarceree\">gofundme<\/a>]<\/li>\n<li>Aider Vanessa apr\u00e8s sa sortie de prison [<a href=\"https:\/\/www.gofundme.com\/f\/supportforvanessa\">gofundme<\/a>]<\/li>\n<li>Soutien \u00e0 Epona Rose pour sa sortie de prison &amp; son amende [<a href=\"https:\/\/intimitescriminelles.noblogs.org\/?p=353\">venmo\/cashapp\/paypal<\/a>]<\/li>\n<li>Payer ses factures &amp; hormones pour nihilistgf [<a href=\"https:\/\/ko-fi.com\/nihilistgf\">kofi<\/a>]<\/li>\n<li>Loyer pour Isabel [<a href=\"https:\/\/www.instagram.com\/p\/C2LH7SevPro\/\">venmo\/paypal\/cashapp<\/a>]<\/li>\n<li>Vaginoplastie pour Am\u00e9lia [<a href=\"https:\/\/www.gofundme.com\/f\/vaginoplastie-pour-ame\">gofundme<\/a>]<\/li>\n<li>Mammec pour L\u00e9o [<a href=\"https:\/\/lydia-app.com\/pots?id=98972-mammec-2024\">lydia<\/a>]<\/li>\n<li>Cagnotte de Ciara [<a href=\"https:\/\/paypal.me\/ciarabonnan\">paypal<\/a>]<\/li>\n<li>Cagnotte de Claire pour pouvoir manger [<a href=\"https:\/\/paypal.com\/paypalme\/ClaireKass\">paypal<\/a>]<\/li>\n<li>F\u00e9minisation du visage pour Samantha [<a href=\"https:\/\/www.gofundme.com\/f\/help-samantha-raise-ffs-funds\">gofundme<\/a>]<\/li>\n<li>Top surgery pour Raf [<a href=\"https:\/\/www.gofundme.com\/f\/3f3ju4-topsurgery-fundraiser\">gofundme<\/a>]<\/li>\n<li>Frais d&rsquo;avocat pour Laura [<a href=\"https:\/\/www.paypal.com\/paypalme\/laww78\">paypal<\/a>]<\/li>\n<li>Aide financi\u00e8re pour lilwizz [<a href=\"https:\/\/www.paypal.com\/paypalme\/obcaptaine\">paypal<\/a>]<\/li>\n<li>Mammectomie pour Lee Shevek [<a href=\"https:\/\/ko-fi.com\/butchanarchy\">ko-fi<\/a>]<\/li>\n<li>Cagnotte de Laurens [<a href=\"https:\/\/paypal.me\/laurens420\">paypal<\/a>]<\/li>\n<li>Aider Tara \u00e0 financer ses \u00e9tudes [<a href=\"https:\/\/www.gofundme.com\/f\/help-a-southern-trans-woman-go-to-university\">gofundme<\/a>]<\/li>\n<li>Aider angel \u00e0 payer ses hormones, ses \u00e9tudes et les frais autour de son chat [<a href=\"https:\/\/www.gofundme.com\/f\/help-black-tboy-pay-for-school-this-bhm\">gofundme<\/a>]<\/li>\n<li>Aide financi\u00e8re pour mael [<a href=\"https:\/\/www.paypal.com\/paypalme\/mmdvis\">paypal<\/a>]<\/li>\n<li>Aider Joy \u00e0 fuir le Texas [<a href=\"https:\/\/www.gofundme.com\/f\/317izhtqy0?member=26645775\">gofundme<\/a>]<\/li>\n<li>Aider Falco \u00e0 se payer des nuits d&rsquo;h\u00f4tel [<a href=\"https:\/\/www.paypal.com\/donate\/?hosted_button_id=EL5EB7BDZ3GTW\">paypal<\/a>]<\/li>\n<li>Aider Elo\u00efse \u00e0 vivre [<a href=\"https:\/\/www.paypal.com\/paypalme\/sapphicjello\">paypal<\/a>]<\/li>\n<li>Aider Kasey \u00e0 se sortir d&rsquo;une situation transphobe [<a href=\"https:\/\/cash.app\/$kaseyL1999\">cashapp<\/a> \/ <a href=\"https:\/\/paypal.me\/kaseylocke\">paypal<\/a> \/ <a href=\"https:\/\/venmo.com\/u\/kasey1999\">venmo<\/a>]<\/li>\n<li>Aider Myra \u00e0 fuir le Texas [<a href=\"https:\/\/www.gofundme.com\/f\/bxekk-help-a-trans-woman-escape-texas\">gofundme<\/a>]<\/li>\n<li>Aider M\u00e9li \u00e0 financer sa transition [<a href=\"https:\/\/www.leetchi.com\/fr\/c\/transition-robyn\">leetchi<\/a>]<\/li>\n<li>Frais pour une mammectomie [<a href=\"https:\/\/www.gofundme.com\/f\/top-surgery-for-an-irishindigenous-trans-man\">gofundme<\/a>]<\/li>\n<li>F\u00e9minisation faciale pour Alice [<a href=\"https:\/\/www.gofundme.com\/f\/une-feminisation-faciale-pour-alice\">gofundme<\/a>]<\/li>\n<li>Mammectomie pour F\u00e9li [<a href=\"https:\/\/lydia-app.com\/pots?id=57370-mammec-de-feli\">lydia<\/a>]<\/li>\n<li>Permettre \u00e0 Aim\u00e9e de se payer une \u00e9pilation d\u00e9finitive [<a href=\"https:\/\/www.gofundme.com\/f\/soutenir-une-transition\">gofundme<\/a>]<\/li>\n<li>Aider Janie \u00e0 se remettre d&rsquo;une chirurgie [<a href=\"https:\/\/www.gofundme.com\/f\/help-janie-recover-from-surgery\">gofundme<\/a>]<\/li>\n<li>Aide financi\u00e8re pour eszter [<a href=\"https:\/\/ko-fi.com\/esztermusinski\">ko-fi<\/a>]<\/li>\n<li>Aide financi\u00e8re pour Lucina [<a href=\"https:\/\/paypal.me\/jothangelsinner\">paypal<\/a>]<\/li>\n<\/ul>\n<p>[<em>pour sugg\u00e9rer\/partager davantage de cagnottes trans : <a href=\"http:\/\/pad.riseup.net\/p\/cagnottes-t\">http:\/\/pad.riseup.net\/p\/cagnottes-t<\/a>]<\/em><\/p>\n","protected":false},"excerpt":{"rendered":"<p>Derni\u00e8re mise \u00e0 jour : 14 avril 2024 Version papier \u00e0 imprimer : cagnottes-t cagnottes-t-4x Collectifs Trans L\u2019aide mutuelle du Front de Lib\u00e9ration Transfem \u2013 FLIRT [gofundme] Cagnotte du CISN&rsquo;T : Club Ind\u00e9pendant de Sport en Non Mixit\u00e9 Transfem [gofundme] Fond d\u2019Action Sociale Trans (FAST) par ACCEPTESS-T [helloasso] Fond d\u2019urgence de Queer Racis\u00e9\u2219e\u2219s Autonomes (QRA) &#8230; <a title=\"cagnottes\" class=\"read-more\" href=\"https:\/\/intimitescriminelles.noblogs.org\/?page_id=261\">Read more<span class=\"screen-reader-text\">cagnottes<\/span><\/a><\/p>\n","protected":false},"author":19608,"featured_media":0,"parent":0,"menu_order":4,"comment_status":"closed","ping_status":"closed","template":"","meta":{"footnotes":""},"class_list":["post-261","page","type-page","status-publish"],"_links":{"self":[{"href":"https:\/\/intimitescriminelles.noblogs.org\/index.php?rest_route=\/wp\/v2\/pages\/261","targetHints":{"allow":["GET"]}}],"collection":[{"href":"https:\/\/intimitescriminelles.noblogs.org\/index.php?rest_route=\/wp\/v2\/pages"}],"about":[{"href":"https:\/\/intimitescriminelles.noblogs.org\/index.php?rest_route=\/wp\/v2\/types\/page"}],"author":[{"embeddable":true,"href":"https:\/\/intimitescriminelles.noblogs.org\/index.php?rest_route=\/wp\/v2\/users\/19608"}],"replies":[{"embeddable":true,"href":"https:\/\/intimitescriminelles.noblogs.org\/index.php?rest_route=%2Fwp%2Fv2%2Fcomments&post=261"}],"version-history":[{"count":15,"href":"https:\/\/intimitescriminelles.noblogs.org\/index.php?rest_route=\/wp\/v2\/pages\/261\/revisions"}],"predecessor-version":[{"id":361,"href":"https:\/\/intimitescriminelles.noblogs.org\/index.php?rest_route=\/wp\/v2\/pages\/261\/revisions\/361"}],"wp:attachment":[{"href":"https:\/\/intimitescriminelles.noblogs.org\/index.php?rest_route=%2Fwp%2Fv2%2Fmedia&parent=261"}],"curies":[{"name":"wp","href":"https:\/\/api.w.org\/{rel}","templated":true}]}}